{"id":4051,"date":"2020-10-29T09:50:54","date_gmt":"2020-10-29T08:50:54","guid":{"rendered":"https:\/\/marfingestion.com\/?page_id=4051"},"modified":"2021-02-01T20:28:05","modified_gmt":"2021-02-01T19:28:05","slug":"politica-de-cookies","status":"publish","type":"page","link":"https:\/\/marfingestion.com\/ca\/politica-de-cookies\/","title":{"rendered":"Pol\u00edtica de cookies"},"content":{"rendered":"\n<p>Desitgem informar-te que Lloc web utilitza cookies per mesurar i analitzar la navegaci\u00f3 dels nostres usuaris.<\/p>\n\n\n\n<p>Les cookies s\u00f3n uns arxius que s&#8217;instal\u00b7len a l&#8217;equip des del qual accedeixes a Lloc Web amb les finalitats que es descriuen en aquesta p\u00e0gina.<\/p>\n\n\n\n<p><strong>Cookies pr\u00f2pies<\/strong><\/p>\n\n\n\n<p>Les aplicacions que fem servir per obtenir informaci\u00f3 de la navegaci\u00f3, mesurar i analitzar l&#8217;audi\u00e8ncia s\u00f3n:<\/p>\n\n\n\n<figure class=\"wp-block-table\"><table><tbody><tr><td><strong>Nom<\/strong><\/td><td><strong>Tipus<\/strong><\/td><td><strong>Prove\u00efdor<\/strong><\/td><td><strong>Finalitat<\/strong><\/td><\/tr><tr><td>_icl_current_language<\/td><td>T\u00e8cnica<\/td><td>wpml.org<\/td><td>Guardar l&#8217;idioma actiu<\/td><\/tr><tr><td>_icl_current_admin_language_{hash}<\/td><td>T\u00e8cnica<\/td><td>wpml.org<\/td><td>Guardar l&#8217;idioma de l&#8217;\u00e0rea d&#8217;administraci\u00f3 de WordPress<\/td><\/tr><tr><td>_icl_visitor_lang_js<\/td><td>T\u00e8cnica<\/td><td>wpml.org<\/td><td>Guardar l&#8217;idioma redirigit<\/td><\/tr><tr><td>wpml_browser_redirect_test<\/td><td>T\u00e8cnica<\/td><td>wpml.org<\/td><td>Comprovar si les cookies estan actives<\/td><\/tr><tr><td>wpml_referer_url<\/td><td>T\u00e8cnica<\/td><td>wpml.org<\/td><td>Guardar l&#8217;\u00faltima petici\u00f3 URL al front end<\/td><\/tr><tr><td>wpml_admin_referer_url<\/td><td>T\u00e8cnica<\/td><td>wpml.org<\/td><td>Guardar l&#8217;\u00faltima petici\u00f3 URL al back end<\/td><\/tr><tr><td>moove_gdpr_popup<\/td><td>T\u00e8cnica<\/td><td>Moove Agency<\/td><td>Recollir l&#8217;acceptaci\u00f3 de la pol\u00edtica de cookies.<\/td><\/tr><\/tbody><\/table><\/figure>\n\n\n\n<p><strong>Cookies de tercers<\/strong><\/p>\n\n\n\n<figure class=\"wp-block-table\"><table><tbody><tr><td><strong>Nom<\/strong><\/td><td><strong>Tipus<\/strong><\/td><td><strong>Prove\u00efdor<\/strong><\/td><td><strong>Finalitat<\/strong><\/td><\/tr><tr><td>Google Analytics (_ga, _gid)<\/td><td>Anal\u00edtica<\/td><td>Google<\/td><td>Informes estad\u00edstics sobre el tr\u00e0nsit del lloc web, la seva audi\u00e8ncia total i l&#8217;audi\u00e8ncia en una determinada campanya publicit\u00e0ria. <a href=\"http:\/\/www.google.com\/policies\/technologies\/cookies\/\">http:\/\/www.google.com\/policies\/technologies\/cookies\/<\/a><\/td><\/tr><\/tbody><\/table><\/figure>\n\n\n\n<p>Aquestes aplicacions han estat desenvolupades per Google que ens presten el servei de mesurament i an\u00e0lisi de l&#8217;audi\u00e8ncia de les nostres p\u00e0gines. Aix\u00ed mateix elles mateixes poden utilitzar aquestes dades per millorar els seus propis serveis i per oferir serveis a altres empreses. Pots con\u00e8ixer aquests altres usos des dels enlla\u00e7os indicats.<\/p>\n\n\n\n<p>Aquestes eines no obtenen dades sobre el teu nom o cognoms ni de l&#8217;adre\u00e7a postal des d&#8217;on et connectes. La informaci\u00f3 que obtenen est\u00e0 relacionada amb el nombre de p\u00e0gines visites, l&#8217;idioma, xarxa social en la qual es publiquen les nostres not\u00edcies, la ciutat a la qual est\u00e0 assignada l&#8217;adre\u00e7a IP des de la qual hi accedeixes, el nombre de nous usuaris, la freq\u00fc\u00e8ncia i reincid\u00e8ncia de les visites, el temps de visita, el navegador i l&#8217;operador o tipus de terminal des del qual es realitza la visita.<\/p>\n\n\n\n<p>Aquesta informaci\u00f3 la fem servir per millorar les nostres p\u00e0gines, detectar noves necessitats i valorar les millores a introduir amb la finalitat de prestar un millor servei als usuaris que ens visiten adaptant per exemple als navegadors o terminals m\u00e9s utilitzats.<\/p>\n\n\n\n<p>Per permetre, con\u00e8ixer, bloquejar o eliminar les cookies instal\u00b7lades en el teu equip pots fer-ho mitjan\u00e7ant la configuraci\u00f3 de les opcions de el navegador instal\u00b7lat al teu ordinador. Pots trobar informaci\u00f3 sobre com fer-ho en el cas que facis servir com a navegador:<\/p>\n\n\n\n<ul class=\"wp-block-list\"><li>Firefox <a href=\"https:\/\/support.mozilla.org\/es\/kb\/cookies-informacion-que-los-sitios-web-guardan-en-?esab=a&amp;s=politic+cookies&amp;r=0&amp;as=s\">https:\/\/support.mozilla.org\/es\/kb\/cookies-informacion-que-los-sitios-web-guardan-en-?esab=a&amp;s=politic+cookies&amp;r=0&amp;as=s<\/a><a href=\"https:\/\/support.mozilla.org\/es\/kb\/cookies-informacion-que-los-sitios-web-guardan-en-?esab=a&amp;s=politic+cookies&amp;r=0&amp;as=s\"><\/a><\/li><li>Chrome <a href=\"https:\/\/support.google.com\/chrome\/bin\/answer.py?hl=es&amp;answer=95647\">https:\/\/support.google.com\/chrome\/bin\/answer.py?hl=es&amp;answer=95647<\/a><a href=\"https:\/\/support.google.com\/chrome\/bin\/answer.py?hl=es&amp;answer=95647\"><\/a><\/li><li>Explorer <a href=\"https:\/\/support.microsoft.com\/es-es\/help\/278835\/how-to-delete-cookie-files-in-internet-explorer\">https:\/\/support.microsoft.com\/es-es\/help\/278835\/how-to-delete-cookie-files-in-internet-explorer<\/a><a href=\"https:\/\/support.microsoft.com\/es-es\/help\/278835\/how-to-delete-cookie-files-in-internet-explorer\"><\/a><\/li><li>Edge <a href=\"https:\/\/privacy.microsoft.com\/es-es\/windows-10-microsoft-edge-and-privacy\">https:\/\/privacy.microsoft.com\/es-es\/windows-10-microsoft-edge-and-privacy<\/a><a href=\"https:\/\/privacy.microsoft.com\/es-es\/windows-10-microsoft-edge-and-privacy\"><\/a><\/li><li>Safari <a href=\"https:\/\/support.apple.com\/kb\/PH21411?viewlocale=es_ES&amp;amb;locale=es_ES\">https:\/\/support.apple.com\/kb\/PH21411?viewlocale=es_ES&amp;locale=es_ES<\/a><a href=\"https:\/\/support.apple.com\/kb\/PH21411?viewlocale=es_ES&amp;amb;locale=es_ES\"><\/a><\/li><\/ul>\n","protected":false},"excerpt":{"rendered":"<p>Desitgem informar-te que Lloc web utilitza cookies per mesurar i analitzar la navegaci\u00f3 dels nostres usuaris. Les cookies s\u00f3n uns arxius que s&#8217;instal\u00b7len a l&#8217;equip des del qual accedeixes a Lloc Web amb les finalitats que es descriuen en aquesta p\u00e0gina. Cookies pr\u00f2pies Les aplicacions que fem servir per obtenir informaci\u00f3 de la navegaci\u00f3, mesurar [&hellip;]<\/p>\n","protected":false},"author":1,"featured_media":0,"parent":0,"menu_order":0,"comment_status":"closed","ping_status":"closed","template":"","meta":{"_acf_changed":false,"footnotes":""},"class_list":["post-4051","page","type-page","status-publish","hentry"],"acf":[],"_links":{"self":[{"href":"https:\/\/marfingestion.com\/ca\/wp-json\/wp\/v2\/pages\/4051","targetHints":{"allow":["GET"]}}],"collection":[{"href":"https:\/\/marfingestion.com\/ca\/wp-json\/wp\/v2\/pages"}],"about":[{"href":"https:\/\/marfingestion.com\/ca\/wp-json\/wp\/v2\/types\/page"}],"author":[{"embeddable":true,"href":"https:\/\/marfingestion.com\/ca\/wp-json\/wp\/v2\/users\/1"}],"replies":[{"embeddable":true,"href":"https:\/\/marfingestion.com\/ca\/wp-json\/wp\/v2\/comments?post=4051"}],"version-history":[{"count":1,"href":"https:\/\/marfingestion.com\/ca\/wp-json\/wp\/v2\/pages\/4051\/revisions"}],"predecessor-version":[{"id":4053,"href":"https:\/\/marfingestion.com\/ca\/wp-json\/wp\/v2\/pages\/4051\/revisions\/4053"}],"wp:attachment":[{"href":"https:\/\/marfingestion.com\/ca\/wp-json\/wp\/v2\/media?parent=4051"}],"curies":[{"name":"wp","href":"https:\/\/api.w.org\/{rel}","templated":true}]}}