{"id":4041,"date":"2020-10-29T09:27:51","date_gmt":"2020-10-29T08:27:51","guid":{"rendered":"https:\/\/marfingestion.com\/?page_id=4041"},"modified":"2023-12-19T12:29:58","modified_gmt":"2023-12-19T11:29:58","slug":"politica-de-privacitat","status":"publish","type":"page","link":"https:\/\/marfingestion.com\/ca\/politica-de-privacitat\/","title":{"rendered":"Pol\u00edtica de privacitat"},"content":{"rendered":"\n<p><strong>Marfin Gesti\u00f3<\/strong>, per a protegir els drets individuals, sobretot en relaci\u00f3 amb els tractaments automatitzats i amb voluntat de ser transparents amb els seus usuaris, ha establert una pol\u00edtica que recull el conjunt d&#8217;aquests tractaments, els fins perseguits per aquests \u00faltims, la legitimitat dels mateixos i tamb\u00e9 els instruments a la disposici\u00f3 de l&#8217;usuari perqu\u00e8 pugui exercir els seus drets.<br><br>Les dades que l&#8217;usuari faciliti quedaran incorporats als fitxers propietat de <strong>Marfin Gesti\u00f3<\/strong>. En compliment del que s&#8217;estableix en el RGPD, l&#8217;usuari podr\u00e0 exercir els seus drets d&#8217;acc\u00e9s, rectificaci\u00f3, cancel\u00b7laci\u00f3 \/ supressi\u00f3, oposici\u00f3, limitaci\u00f3 o portabilitat. Per aix\u00f2 ha de contactar amb nosaltres a marfingestion@marfingestion.es<br><br><strong>RESPONSABLE DEL TRACTAMENT<br><\/strong>El responsable de les dades personals \u00e9s <strong>Marfin Gesti\u00f3<\/strong>, d&#8217;ara endavant el titular, amb domicili en <strong>Av. Dr. Ramon Solanich i Riera,13-15, Local 5, 08906 L&#8217;Hospitalet de Llobregat (Barcelona)<\/strong>, i el correu electr\u00f2nic de contacte \u00e9s <a href=\"mailto:marfingestion@marfingestion.es\">marfingestion@marfingestion.es<\/a><\/p>\n\n\n\n<p><strong>RECOLLIDA DE DADES<br><\/strong>Les dades s\u00f3n recollides per Marfin Gesti\u00f3, a trav\u00e9s de formularis de contacte, sol\u00b7licituds d&#8217;adhesi\u00f3 al butllet\u00ed electr\u00f2nic i els comentaris en el blog.<br><br><strong>FINALITAT I CONSERVACI\u00d3 DE DADES PERSONALS<br><\/strong>La finalitat del tractament de les dades personals que es puguin recollir s\u00f3n usar-les principalment pel Titular per a la gesti\u00f3 de la seva relaci\u00f3 amb l&#8217;usuari, poder oferir productes i enviar-li comunicacions promocionals i informatives a trav\u00e9s de correu electr\u00f2nic o newsletter per a millorar l&#8217;experi\u00e8ncia d&#8217;usuari. L&#8217;interessat pot oposar-se a rebre aquest tipus de comunicacions promocionals, ara o en qualsevol altre moment, enviant un correu electr\u00f2nic a marfingestion@marfingestion.es. Les dades personals de l&#8217;usuari es conservaran mentre no se sol\u00b7liciti la seva supressi\u00f3.<\/p>\n\n\n\n<p><strong>DESTINATARIS DE LES DADES<br><\/strong>Les dades personals recollits seran cedits \u00fanicament a l&#8217;empresa que gestiona l&#8217;allotjament de la p\u00e0gina web de Marfin Gesti\u00f3. El Titular no es fa responsable de la pol\u00edtica de privacitat respecte a les dades personals que pugui facilitar a tercers per mitj\u00e0 dels enlla\u00e7os disponibles en la nostra p\u00e0gina web. En conseq\u00fc\u00e8ncia, el Titular tampoc es fa responsable dels danys o p\u00e8rdues derivats de l&#8217;\u00fas d&#8217;aquests enlla\u00e7os o material de tercers.<br><br><strong>DRETS DE L&#8217;USUARI<br><\/strong>L&#8217;usuari pot accedir a les seves dades personals, aix\u00ed com sol\u00b7licitar la rectificaci\u00f3 o cancel\u00b7laci\u00f3 quan ja no siguin necess\u00e0ries les finalitats amb les quals van ser recollides enviant un email a marfingestion@marfingestion.es.<br>La present Pol\u00edtica de Privacitat pot ser modificada per a adaptar-la als canvis que es produeixi en la p\u00e0gina web, aix\u00ed com modificacions legislatives o jurisprudencials sobre dades personals que vagin apareixent, per la qual cosa exigeix la seva lectura, cada vegada que ens faciliti dades personals a trav\u00e9s d&#8217;aquesta web.<\/p>\n","protected":false},"excerpt":{"rendered":"<p>Marfin Gesti\u00f3, per a protegir els drets individuals, sobretot en relaci\u00f3 amb els tractaments automatitzats i amb voluntat de ser transparents amb els seus usuaris, ha establert una pol\u00edtica que recull el conjunt d&#8217;aquests tractaments, els fins perseguits per aquests \u00faltims, la legitimitat dels mateixos i tamb\u00e9 els instruments a la disposici\u00f3 de l&#8217;usuari perqu\u00e8 [&hellip;]<\/p>\n","protected":false},"author":1,"featured_media":0,"parent":0,"menu_order":0,"comment_status":"closed","ping_status":"closed","template":"","meta":{"_acf_changed":false,"footnotes":""},"class_list":["post-4041","page","type-page","status-publish","hentry"],"acf":[],"_links":{"self":[{"href":"https:\/\/marfingestion.com\/ca\/wp-json\/wp\/v2\/pages\/4041","targetHints":{"allow":["GET"]}}],"collection":[{"href":"https:\/\/marfingestion.com\/ca\/wp-json\/wp\/v2\/pages"}],"about":[{"href":"https:\/\/marfingestion.com\/ca\/wp-json\/wp\/v2\/types\/page"}],"author":[{"embeddable":true,"href":"https:\/\/marfingestion.com\/ca\/wp-json\/wp\/v2\/users\/1"}],"replies":[{"embeddable":true,"href":"https:\/\/marfingestion.com\/ca\/wp-json\/wp\/v2\/comments?post=4041"}],"version-history":[{"count":2,"href":"https:\/\/marfingestion.com\/ca\/wp-json\/wp\/v2\/pages\/4041\/revisions"}],"predecessor-version":[{"id":5670,"href":"https:\/\/marfingestion.com\/ca\/wp-json\/wp\/v2\/pages\/4041\/revisions\/5670"}],"wp:attachment":[{"href":"https:\/\/marfingestion.com\/ca\/wp-json\/wp\/v2\/media?parent=4041"}],"curies":[{"name":"wp","href":"https:\/\/api.w.org\/{rel}","templated":true}]}}