{"id":3849,"date":"2020-07-15T17:57:46","date_gmt":"2020-07-15T15:57:46","guid":{"rendered":"https:\/\/marfingestion.com\/gabinete-juridico\/"},"modified":"2020-12-23T10:25:18","modified_gmt":"2020-12-23T09:25:18","slug":"gabinet-juridic","status":"publish","type":"page","link":"https:\/\/marfingestion.com\/ca\/gabinet-juridic\/","title":{"rendered":"Gabinet Jur\u00eddic"},"content":{"rendered":"<div id='layer_slider_1'  class='avia-layerslider main_color avia-shadow  avia-builder-el-0  el_before_av_codeblock  avia-builder-el-first  container_wrap sidebar_right' style='  height: 701px; max-width: 1900px; margin: 0 auto;' ><\/div><div id='after_layer_slider_1'  class='main_color av_default_container_wrap container_wrap sidebar_right' style=' '  ><div class='container' ><div class='template-page content  av-content-small alpha units'><div class='post-entry post-entry-type-page post-entry-3849'><div class='entry-content-wrapper clearfix'>\n\n<div class=\"flex_column av_one_third  flex_column_div first  avia-builder-el-2  el_after_av_codeblock  el_before_av_two_third  \" ><p><div  style='padding-bottom:10px; ' class='av-special-heading av-special-heading-h3 meta-heading   avia-builder-el-3  el_before_av_textblock  avia-builder-el-first  '><h3 class='av-special-heading-tag '  itemprop=\"headline\"  >Gabinet Jur\u00eddic<\/h3><div class='special-heading-border'><div class='special-heading-inner-border' ><\/div><\/div><\/div><br \/>\n<section class=\"av_textblock_section \"  itemscope=\"itemscope\" itemtype=\"https:\/\/schema.org\/CreativeWork\" ><div class='avia_textblock  '   itemprop=\"text\" ><p>La integraci\u00f3 en la nostra organitzaci\u00f3 des de 2001 del Gabinet Jur\u00eddic, <strong>GR ADVOCATS ASSOCIATS<\/strong>, obeeix a la necessitat de comptar amb la col\u00b7laboraci\u00f3 d&#8217;un equip de professionals de l&#8217;\u00e0mbit legal, especialitzats en la Propietat Horitzontal, capa\u00e7os de proporcionar assessorament jur\u00eddic per a la resoluci\u00f3 de tota mena d&#8217;incid\u00e8ncies legals, en qu\u00e8 pugui arribar a veure&#8217;s implicada la comunitat de propietaris.<\/p>\n<div   class='hr hr-short hr-left   avia-builder-el-5  avia-builder-el-no-sibling '><span class='hr-inner ' ><span class='hr-inner-style'><\/span><\/span><\/div>\n<ul>\n<li>Gesti\u00f3 en not\u00e0ries<\/li>\n<li>Representaci\u00f3 davant administracions p\u00fabliques<\/li>\n<li>Redacci\u00f3 de documents legals, contractes i estatuts comunitats de propietaris<\/li>\n<li>Demandes judicials en la reclamaci\u00f3 d&#8217;impagaments i obres no autoritzades. Desnonament per precari.<\/li>\n<li>Assessorament general en aspectes del dret immobiliari i de la propietat horitzontal<\/li>\n<\/ul>\n<\/div><\/section><\/p><\/div>\n<div class=\"flex_column av_two_third  flex_column_div   avia-builder-el-6  el_after_av_one_third  el_before_av_hr  \" ><p><div  style='padding-bottom:10px; ' class='av-special-heading av-special-heading-h3 meta-heading   avia-builder-el-7  el_before_av_textblock  avia-builder-el-first  '><h3 class='av-special-heading-tag '  itemprop=\"headline\"  >Cartera de Serveis<\/h3><div class='special-heading-border'><div class='special-heading-inner-border' ><\/div><\/div><\/div><br \/>\n<section class=\"av_textblock_section \"  id=\"text-logo-col-adv\"  itemscope=\"itemscope\" itemtype=\"https:\/\/schema.org\/CreativeWork\" ><div class='avia_textblock  '   itemprop=\"text\" ><p><img loading=\"lazy\" decoding=\"async\" class=\"alignnone wp-image-4020 size-full\" src=\"https:\/\/marfingestion.com\/wp-content\/uploads\/2020\/10\/Logo_CAB.png\" alt=\"\" width=\"175\" height=\"175\" srcset=\"https:\/\/marfingestion.com\/wp-content\/uploads\/2020\/10\/Logo_CAB.png 175w, https:\/\/marfingestion.com\/wp-content\/uploads\/2020\/10\/Logo_CAB-80x80.png 80w, https:\/\/marfingestion.com\/wp-content\/uploads\/2020\/10\/Logo_CAB-36x36.png 36w\" sizes=\"auto, (max-width: 175px) 100vw, 175px\" \/>El despatx d&#8217;advocats <strong>GR ADVOCATS ASSOCIATS<\/strong> es constitueix en 1991 i atresora una gran experi\u00e8ncia professional en l&#8217;\u00e0mbit legal de les Comunitats de Propietaris, aix\u00ed mateix ofereix els seus serveis als nostres clients en unes condicions molt avantatjoses, en les seg\u00fcents especialitats del dret.<\/p>\n<\/div><\/section><br \/>\n<div  id=\"pestanyes-gabinet\"  class=\"tabcontainer   top_tab   avia-builder-el-9  el_after_av_textblock  avia-builder-el-last \" role=\"tablist\">\n\n<section class=\"av_tab_section\"  itemscope=\"itemscope\" itemtype=\"https:\/\/schema.org\/CreativeWork\" ><div aria-controls=\"tab-id-1-content\" role=\"tab\" tabindex=\"0\" data-fake-id=\"#tab-id-1\" class=\"tab active_tab\"  itemprop=\"headline\" >Dret de fam\u00edlia, <br class=\"no-m\">matrimonial, menors i <br class=\"no-m\">incapacitacions<\/div>\n<div id=\"tab-id-1-content\" class=\"tab_content active_tab_content\" aria-hidden=\"false\">\n<div class=\"tab_inner_content invers-color\"  itemprop=\"text\" >\n<h5>Assessorament general en aspectes jur\u00eddics de fam\u00edlia<\/h5>\n<ul>\n<li>Separacions.<\/li>\n<li>Divorcis de mutu acord i contenciosos.<\/li>\n<li>Demandes de modificaci\u00f3 de les mesures adoptades en la sent\u00e8ncia de separaci\u00f3 o divorci.<\/li>\n<li>Nul\u00b7litats civils i eclesi\u00e0stiques.<\/li>\n<li>Mesures provisionals i provisionalisimes.<\/li>\n<li>Convenis prematrimonials.<\/li>\n<li>R\u00e8gim econ\u00f2mic matrimonial. Cap\u00edtols matrimonials.<\/li>\n<li>Convenis reguladors amb Pla de Crian\u00e7a. Guarda i cust\u00f2dies individuals, compartides, r\u00e8gim de visites.<\/li>\n<li>Mediaci\u00f3.<\/li>\n<li>Constituci\u00f3 i extinci\u00f3 o dissoluci\u00f3 de parelles de fet.<\/li>\n<li>Adopcions.<\/li>\n<li>Tuteles.<\/li>\n<li>Reclamacions o defensa per impagament de pensions.<\/li>\n<li>Reclamacions o defensa per incompliment de les mesures de la separaci\u00f3 o divorci.<\/li>\n<li>Dissoluci\u00f3 i liquidaci\u00f3 de condomini de l&#8217;habitatge familiar i adjudicacions. Liquidaci\u00f3 d&#8217;impos tos i inscripci\u00f3 Registres Propietat, Prefectura de Tr\u00e0nsit.<\/li>\n<li>Incapacitacions.<\/li>\n<li>Autoritzaci\u00f3 judicial de venda de b\u00e9ns immobles a menors i incapa\u00e7os.<\/li>\n<\/ul>\n\n<\/div>\n<\/div>\n<\/section>\n\n<section class=\"av_tab_section\"  itemscope=\"itemscope\" itemtype=\"https:\/\/schema.org\/CreativeWork\" ><div aria-controls=\"tab-id-2-content\" role=\"tab\" tabindex=\"0\" data-fake-id=\"#tab-id-2\" class=\"tab \"  itemprop=\"headline\" >Successions, her\u00e8ncies<br class=\"no-m\"> i donacions<\/div>\n<div id=\"tab-id-2-content\" class=\"tab_content \" aria-hidden=\"true\">\n<div class=\"tab_inner_content invers-color\"  itemprop=\"text\" >\n<h5>Assessorament general i reclamacions<\/h5>\n<ul>\n<li>Her\u00e8ncia leg\u00edtima<\/li>\n<li>Her\u00e8ncies i llegats<\/li>\n<li>Reclamaci\u00f3 a hereus<\/li>\n<li>Reclamaci\u00f3 judicial de drets successoris<\/li>\n<li>Reclamaci\u00f3 judicial de llegats<\/li>\n<\/ul>\n<h5>Declaraci\u00f3 d&#8217;hereus ab intestat<\/h5>\n<h5>Gesti\u00f3 de:<\/h5>\n<ul>\n<li>Testaments i disposicions d&#8217;\u00faltimes voluntats<\/li>\n<li>Acceptaci\u00f3 i partici\u00f3 d&#8217;her\u00e8ncies<\/li>\n<li>Impost sobre l&#8217;increment dels terrenys de naturalesa urbana<\/li>\n<li>Impost de successions<\/li>\n<li>Procediments judicials derivats d&#8217;her\u00e8ncies<\/li>\n<li>Escriptures de daci\u00f3 en paga de deute<\/li>\n<li>Obtenci\u00f3 de la c\u00f2pia aut\u00e8ntica del testament<\/li>\n<li>Inscripci\u00f3 de t\u00edtols en el Registre de la Propietat i en el Registre Mercantil<\/li>\n<li>Acceptaci\u00f3 de llegats<\/li>\n<\/ul>\n<h5>Obtenci\u00f3 de certificats:<\/h5>\n<ul>\n<li>Defunci\u00f3<\/li>\n<li>\u00daltimes voluntats<\/li>\n<li>Assegurances de vida atorgats pel difunt<\/li>\n<li>C\u00e0lcul de leg\u00edtimes, Reclamaci\u00f3 i Ampliaci\u00f3 de leg\u00edtimes<\/li>\n<\/ul>\n<h5>Donacions, escriptures, impostos.<\/h5>\n\n<\/div>\n<\/div>\n<\/section>\n\n<section class=\"av_tab_section\"  itemscope=\"itemscope\" itemtype=\"https:\/\/schema.org\/CreativeWork\" ><div aria-controls=\"tab-id-3-content\" role=\"tab\" tabindex=\"0\" data-fake-id=\"#tab-id-3\" class=\"tab \"  itemprop=\"headline\" >Fiscal<\/div>\n<div id=\"tab-id-3-content\" class=\"tab_content \" aria-hidden=\"true\">\n<div class=\"tab_inner_content invers-color\"  itemprop=\"text\" >\n<ul>\n<li>Altes, baixes o modificacions censals, cadastrals, i telem\u00e0tiques.<\/li>\n<li>Declaracions d&#8217;IRPF.<\/li>\n<li>Declaracions de l&#8217;Impost de Societats.<\/li>\n<li>Declaracions d&#8217;IVA.<\/li>\n<li>Declaracions dels NO residents.<\/li>\n<li>Impost sobre Transmissions Patrimonials i Actes Jur\u00eddics Documentats.<\/li>\n<li>Impost sobre Successions i sobre Donacions.<\/li>\n<\/ul>\n\n<\/div>\n<\/div>\n<\/section>\n\n<section class=\"av_tab_section\"  itemscope=\"itemscope\" itemtype=\"https:\/\/schema.org\/CreativeWork\" ><div aria-controls=\"tab-id-4-content\" role=\"tab\" tabindex=\"0\" data-fake-id=\"#tab-id-4\" class=\"tab \"  itemprop=\"headline\" >Empresa<\/div>\n<div id=\"tab-id-4-content\" class=\"tab_content \" aria-hidden=\"true\">\n<div class=\"tab_inner_content invers-color\"  itemprop=\"text\" >\n<ul>\n<li>Constituci\u00f3 i fundaci\u00f3 societats de capital: amb diversos socis o unipersonals, limitades o an\u00f2nimes, cooperatives, societats laborals, agr\u00e0ries de transformaci\u00f3. Escriptura fundacional, estatuts socials, pactes de socis.<\/li>\n<li>Dissoluci\u00f3 i liquidaci\u00f3 d&#8217;empreses.<\/li>\n<li>Reclamaci\u00f3 de factures.<\/li>\n<li>Contractes civils i mercantils.<\/li>\n<li>Gesti\u00f3 de n\u00f2mines.<\/li>\n<\/ul>\n\n<\/div>\n<\/div>\n<\/section>\n\n<section class=\"av_tab_section\"  itemscope=\"itemscope\" itemtype=\"https:\/\/schema.org\/CreativeWork\" ><div aria-controls=\"tab-id-5-content\" role=\"tab\" tabindex=\"0\" data-fake-id=\"#tab-id-5\" class=\"tab \"  itemprop=\"headline\" >Estrangeria,<br class=\"no-m\">nacionalitat<\/div>\n<div id=\"tab-id-5-content\" class=\"tab_content \" aria-hidden=\"true\">\n<div class=\"tab_inner_content invers-color\"  itemprop=\"text\" >\n<ul>\n<li>Targeta de resid\u00e8ncia de familiar de ciutad\u00e0 de la UE. Constituci\u00f3 de parella estable i inscripci\u00f3 en el Registre de Catalunya de Parelles Estables.<\/li>\n<li>Autoritzaci\u00f3 de resid\u00e8ncia per re-agrupaci\u00f3 familiar.<\/li>\n<li>Autoritzaci\u00f3 de resid\u00e8ncia i treball.<\/li>\n<li>Sol\u00b7licitud nacionalitat Espanyola.<\/li>\n<\/ul>\n\n<\/div>\n<\/div>\n<\/section>\n\n<\/div>\n<\/p><\/div>\n<div  style='height:30px' class='hr hr-invisible   avia-builder-el-10  el_after_av_two_third  avia-builder-el-last '><span class='hr-inner ' ><span class='hr-inner-style'><\/span><\/span><\/div>\n","protected":false},"excerpt":{"rendered":"","protected":false},"author":1,"featured_media":0,"parent":0,"menu_order":0,"comment_status":"closed","ping_status":"closed","template":"","meta":{"_acf_changed":false,"footnotes":""},"class_list":["post-3849","page","type-page","status-publish","hentry"],"acf":[],"_links":{"self":[{"href":"https:\/\/marfingestion.com\/ca\/wp-json\/wp\/v2\/pages\/3849","targetHints":{"allow":["GET"]}}],"collection":[{"href":"https:\/\/marfingestion.com\/ca\/wp-json\/wp\/v2\/pages"}],"about":[{"href":"https:\/\/marfingestion.com\/ca\/wp-json\/wp\/v2\/types\/page"}],"author":[{"embeddable":true,"href":"https:\/\/marfingestion.com\/ca\/wp-json\/wp\/v2\/users\/1"}],"replies":[{"embeddable":true,"href":"https:\/\/marfingestion.com\/ca\/wp-json\/wp\/v2\/comments?post=3849"}],"version-history":[{"count":5,"href":"https:\/\/marfingestion.com\/ca\/wp-json\/wp\/v2\/pages\/3849\/revisions"}],"predecessor-version":[{"id":4186,"href":"https:\/\/marfingestion.com\/ca\/wp-json\/wp\/v2\/pages\/3849\/revisions\/4186"}],"wp:attachment":[{"href":"https:\/\/marfingestion.com\/ca\/wp-json\/wp\/v2\/media?parent=3849"}],"curies":[{"name":"wp","href":"https:\/\/api.w.org\/{rel}","templated":true}]}}