{"id":3835,"date":"2020-07-17T19:08:22","date_gmt":"2020-07-17T17:08:22","guid":{"rendered":"https:\/\/marfingestion.com\/compra-venta-de-inmuebles\/"},"modified":"2020-12-23T11:19:24","modified_gmt":"2020-12-23T10:19:24","slug":"compra-venda-immobles","status":"publish","type":"page","link":"https:\/\/marfingestion.com\/ca\/compra-venda-immobles\/","title":{"rendered":"Venda i lloguer d&#8217;immobles"},"content":{"rendered":"<div id='av_section_1'  class='avia-section alternate_color avia-section-default avia-no-shadow  avia-full-stretch avia-bg-style-scroll  avia-builder-el-0  el_before_av_one_full  avia-builder-el-first   av-minimum-height av-minimum-height-50  container_wrap sidebar_right' style='background-repeat: no-repeat; background-image: url(https:\/\/marfingestion.com\/wp-content\/uploads\/2020\/07\/compaventa-inmuebles-baner.jpg);background-attachment: scroll; background-position: center center;  '  data-section-bg-repeat='stretch' data-av_minimum_height_pc='50'><div class='container' ><main  role=\"main\" itemprop=\"mainContentOfPage\"  class='template-page content  av-content-small alpha units'><div class='post-entry post-entry-type-page post-entry-3835'><div class='entry-content-wrapper clearfix'><\/div><\/div><\/main><!-- close content main element --><\/div><\/div><div id='after_section_1'  class='main_color av_default_container_wrap container_wrap sidebar_right' style=' '  ><div class='container' ><div class='template-page content  av-content-small alpha units'><div class='post-entry post-entry-type-page post-entry-3835'><div class='entry-content-wrapper clearfix'>\n<div class=\"flex_column av_one_full  flex_column_div av-zero-column-padding first  avia-builder-el-1  el_after_av_section  el_before_av_one_half  avia-builder-el-first  \" style='border-radius:0px; '><div  style='padding-bottom:10px; ' class='av-special-heading av-special-heading-h1 meta-heading   avia-builder-el-2  avia-builder-el-no-sibling  h1-eq-h3 '><h1 class='av-special-heading-tag '  itemprop=\"headline\"  >Venda i lloguer d\u2019immobles<\/h1><div class='special-heading-border'><div class='special-heading-inner-border' ><\/div><\/div><\/div><\/div>\n<div class=\"flex_column av_one_half  flex_column_div av-zero-column-padding first  avia-builder-el-3  el_after_av_one_full  el_before_av_one_half  column-top-margin\" style='margin-top:0px; margin-bottom:0px; border-radius:0px; '><section class=\"av_textblock_section \"  itemscope=\"itemscope\" itemtype=\"https:\/\/schema.org\/CreativeWork\" ><div class='avia_textblock capitular '   itemprop=\"text\" ><p>El mercat de compra\/venda d&#8217;immobles a L\u00b4Hospitalet ha experimentat un notable impuls en els \u00faltims anys, en bona part a causa de l&#8217;arribada de poblaci\u00f3 des de Barcelona, donat el notable increment de preus, i especialment, per la proximitat, gran oferta de serveis aix\u00ed com les excel\u00b7lents comunicacions que ofereix L\u2019Hospitalet als seus ciutadans.<\/p>\n<p class=\"capitular\">Tot i donar servei als nostres clients des de fa pr\u00e0cticament 30 anys a trav\u00e9s de la nostra oferta comer-cial, en l&#8217;actualitat <strong>MARFIN GESTI\u00d3N<\/strong> es troba adherida a la franqu\u00edcia <strong>Alfa Immobili\u00e0ria<\/strong>, com a 1a franqu\u00edcia immobili\u00e0ria del pa\u00eds, a fi de disposar de la formaci\u00f3, experi\u00e8ncia, recursos de comunicaci\u00f3 i selecci\u00f3 d&#8217;immobles que ofereix la seva potent plataforma <a href=\"https:\/\/www.alfamarfingestion.com\/\" target=\"_blank\" rel=\"noopener\">www.alfamarfingestion.com<\/a> on trobaran perfectament actualitzada la nostra oferta d&#8217;immobles disponibles.<\/p>\n<\/div><\/section><\/div>\n<div class=\"flex_column av_one_half  flex_column_div   avia-builder-el-5  el_after_av_one_half  el_before_av_heading  column-top-margin\" style='margin-top:0px; margin-bottom:0px; '><section class=\"av_textblock_section \"  itemscope=\"itemscope\" itemtype=\"https:\/\/schema.org\/CreativeWork\" ><div class='avia_textblock capitular '   itemprop=\"text\" ><p>Tal com estableix la legislaci\u00f3 catalana, estem inscrits en el Registre d\u2019Agents Immobiliaris de Catalunya amb el n\u00fam. ICAT 1990. Aquesta inscripci\u00f3 garanteix als nostres clients que des de <strong>MARFIN GESTI\u00d3N<\/strong> rebran l&#8217;atenci\u00f3 professional m\u00e9s adequada als seus interessos sobre la base de:<\/p>\n<p>Experi\u00e8ncia en la compra\/venda d\u2019 immobles a L\u2019Hospitalet<\/p>\n<ul>\n<li>Correcta taxaci\u00f3<\/li>\n<li>Assessoria immobili\u00e0ria cont\u00ednua<\/li>\n<li>Seguiment legal durant tot el proc\u00e9s<\/li>\n<\/ul>\n<p>Procediment efica\u00e7 i transparent<\/p>\n<ul>\n<li>Posada en marxa Pla d&#8217;acci\u00f3 per a la venda de l&#8217;immoble\n<ul>\n<li>Redacci\u00f3 informe caracter\u00edstiques immoble, presa d&#8217;imatges, etc.<\/li>\n<li>M\u00e0xima visibilitat en el portal i expositors.<\/li>\n<li>Accions de e. mailing<\/li>\n<\/ul>\n<\/li>\n<li>Selecci\u00f3 adequada de possibles compradors\n<ul>\n<li>Redacci\u00f3 informe de visites<\/li>\n<li>Suport t\u00e8cnic fins al final del proc\u00e9s, arres i contracte de compravenda<\/li>\n<\/ul>\n<\/li>\n<li>Negociaci\u00f3 quantia honoraris, m\u00e8todes de pagament, etc.<\/li>\n<\/ul>\n<h4><\/h4>\n<\/div><\/section><\/div><div  style='padding-bottom:15px; ' class='av-special-heading av-special-heading-h2 meta-heading   avia-builder-el-7  el_after_av_one_half  el_before_av_toggle_container  h2-eq-h3 '><h2 class='av-special-heading-tag '  itemprop=\"headline\"  >Preguntes m\u00e9s freq\u00fcents<\/h2><div class='special-heading-border'><div class='special-heading-inner-border' ><\/div><\/div><\/div><\/p>\n<div   class=\"togglecontainer   toggle_close_all  avia-builder-el-8  el_after_av_heading  el_before_av_section  avia-builder-el-last \" >\n<section class=\"av_toggle_section\"  itemscope=\"itemscope\" itemtype=\"https:\/\/schema.org\/CreativeWork\"  >    <div role=\"tablist\" class=\"single_toggle\" data-tags=\"{Tots} \"  >        <p data-fake-id=\"#toggle-id-1\" class=\"toggler activeTitle\"  itemprop=\"headline\"    role=\"tab\" tabindex=\"0\" aria-controls=\"toggle-id-1\">Com puc con\u00e8ixer el valor de mercat del meu immoble?<span class=\"toggle_icon\" >        <span class=\"vert_icon\"><\/span><span class=\"hor_icon\"><\/span><\/span><\/p>        <div id=\"toggle-id-1\" class=\"toggle_wrap active_tc\"  style='display:block;' >            <div class=\"toggle_content invers-color \"  itemprop=\"text\"   ><p>Amb el seu consentiment, realitzarem una visita al seu immoble on realitzarem una revisi\u00f3 exhaustiva del mateix per a considerar tots aquells aspectes que permetin una \u00f2ptima taxaci\u00f3, independentment de les consideracions que estableix el mercat, quant a la superf\u00edcie de l&#8217;immoble, distribuci\u00f3 d&#8217;espais, serveis comuns, ubicaci\u00f3, etc.<\/p>\n            <\/div>        <\/div>    <\/div><\/section>\n<section class=\"av_toggle_section\"  itemscope=\"itemscope\" itemtype=\"https:\/\/schema.org\/CreativeWork\"  >    <div role=\"tablist\" class=\"single_toggle\" data-tags=\"{Tots} \"  >        <p data-fake-id=\"#toggle-id-2\" class=\"toggler \"  itemprop=\"headline\"    role=\"tab\" tabindex=\"0\" aria-controls=\"toggle-id-2\">Com es promociona la venda del meu Immoble?<span class=\"toggle_icon\" >        <span class=\"vert_icon\"><\/span><span class=\"hor_icon\"><\/span><\/span><\/p>        <div id=\"toggle-id-2\" class=\"toggle_wrap \"   >            <div class=\"toggle_content invers-color \"  itemprop=\"text\"   ><p>D&#8217;aquest aspecte no ha de preocupar-se, nosaltres ens encarreguem de capturar les imatges m\u00e9s significatives del seu immoble, i de donar-los al costat d&#8217;un detallat informe de les seves caracter\u00edstiques principals, tota la difusi\u00f3 possible a trav\u00e9s de la nostra web, tamb\u00e9 en els expositors de les nostres oficines i naturalment, en la plataforma Alfa Immobili\u00e0ria, 1a franqu\u00edcia immobili\u00e0ria del pa\u00eds i que es publicita en els principals portals d&#8217;internet.<\/p>\n            <\/div>        <\/div>    <\/div><\/section>\n<section class=\"av_toggle_section\"  itemscope=\"itemscope\" itemtype=\"https:\/\/schema.org\/CreativeWork\"  >    <div role=\"tablist\" class=\"single_toggle\" data-tags=\"{Tots} \"  >        <p data-fake-id=\"#toggle-id-3\" class=\"toggler \"  itemprop=\"headline\"    role=\"tab\" tabindex=\"0\" aria-controls=\"toggle-id-3\">Com coneixer\u00e9 l\u2019inter\u00e8s que ha despertat la posada en venda del meu immoble?<span class=\"toggle_icon\" >        <span class=\"vert_icon\"><\/span><span class=\"hor_icon\"><\/span><\/span><\/p>        <div id=\"toggle-id-3\" class=\"toggle_wrap \"   >            <div class=\"toggle_content invers-color \"  itemprop=\"text\"   ><p>Amb la tecnologia actual, nosaltres ens encarreguem de realitzar el menor nombre de visites a l&#8217;immoble perqu\u00e8 d&#8217;aquesta manera les poques visites siguin de persones realment interessades. Posteriorment ens encarregarem d&#8217;informar-lo puntualment de les possibles ofertes que pugui rebre. Acompanyarem als interessats a les visites de l&#8217;immoble i despr\u00e9s l&#8217;informarem de manera detallada de les visites.<\/p>\n            <\/div>        <\/div>    <\/div><\/section>\n<section class=\"av_toggle_section\"  itemscope=\"itemscope\" itemtype=\"https:\/\/schema.org\/CreativeWork\"  >    <div role=\"tablist\" class=\"single_toggle\" data-tags=\"{Tots} \"  >        <p data-fake-id=\"#toggle-id-4\" class=\"toggler \"  itemprop=\"headline\"    role=\"tab\" tabindex=\"0\" aria-controls=\"toggle-id-4\">Com es formalitzaran les arres i el contracte definitiu de Compra\/Venda de l\u2019Immoble?<span class=\"toggle_icon\" >        <span class=\"vert_icon\"><\/span><span class=\"hor_icon\"><\/span><\/span><\/p>        <div id=\"toggle-id-4\" class=\"toggle_wrap \"   >            <div class=\"toggle_content invers-color \"  itemprop=\"text\"   ><p>El contracte de compra\/venda es formalitzar\u00e0 a trav\u00e9s del nostre Gabinet Jur\u00eddic, qui s&#8217;encarregar\u00e0 de totes les gestions necess\u00e0ries per a la seva tranquil\u00b7litat i la del comprador. Se&#8217;ls sol\u00b7licitar\u00e0 tota la documentaci\u00f3 necess\u00e0ria en cada fase de la compra\/venda. Se li acompany\u00e9s en cada fase fins a la signatura de l&#8217;escriptura davant notari. Se sentir\u00e0 acompanyat en aquest dif\u00edcil proc\u00e9s.<\/p>\n            <\/div>        <\/div>    <\/div><\/section>\n<\/div>\n<\/div><\/div><\/div><!-- close content main div --><\/div><\/div><div id='av_section_2'  class='avia-section socket_color avia-section-default avia-no-shadow  avia-full-stretch avia-bg-style-scroll  avia-builder-el-9  el_after_av_toggle_container  avia-builder-el-last   container_wrap sidebar_right' style='background-repeat: no-repeat; background-image: url(https:\/\/marfingestion.com\/wp-content\/uploads\/2020\/07\/BANNER_6.jpg);background-attachment: scroll; background-position: top center;  '  data-section-bg-repeat='stretch'><div class='container' ><div class='template-page content  av-content-small alpha units'><div class='post-entry post-entry-type-page post-entry-3835'><div class='entry-content-wrapper clearfix'>\n\t<div  style='background:#ffffff;color:#444444;border-color:#ffffff;' class='av_promobox  avia-button-yes   avia-builder-el-10  avia-builder-el-no-sibling  cta-btn-3-lineas'>\t\t<div class='avia-promocontent'><p>A MARFIN GESTI\u00d3N t&#8217;oferim tamb\u00e9 l&#8217;oportunitat de con\u00e8ixer els immobles en condici\u00f3 de lloguer disponibles actualment, a trav\u00e9s de la Plataforma immobili\u00e0ria Alfa Immobili\u00e0ria.<\/p>\n<\/div><div  class='avia-button-wrap avia-button-right ' ><a href='https:\/\/www.alfamarfingestion.com\/' class='avia-button   avia-icon_select-no avia-size-large avia-position-right ' target=\"_blank\" rel=\"noopener noreferrer\" style='background-color:#e1251b; border-color:#e1251b; color:#ffffff; '><span class='avia_iconbox_title' >Descobreix la nostra <br class=\"no-m\">oferta d\u2019immobles<\/span><\/a><\/div><\/div>\n<\/div><\/div><\/div><!-- close content main div --><\/div><\/div><div id='after_section_2'  class='main_color av_default_container_wrap container_wrap sidebar_right' style=' '  ><div class='container' ><div class='template-page content  av-content-small alpha units'><div class='post-entry post-entry-type-page post-entry-3835'><div class='entry-content-wrapper clearfix'>\n","protected":false},"excerpt":{"rendered":"","protected":false},"author":1,"featured_media":0,"parent":0,"menu_order":0,"comment_status":"open","ping_status":"closed","template":"","meta":{"_acf_changed":false,"footnotes":""},"class_list":["post-3835","page","type-page","status-publish","hentry"],"acf":[],"_links":{"self":[{"href":"https:\/\/marfingestion.com\/ca\/wp-json\/wp\/v2\/pages\/3835","targetHints":{"allow":["GET"]}}],"collection":[{"href":"https:\/\/marfingestion.com\/ca\/wp-json\/wp\/v2\/pages"}],"about":[{"href":"https:\/\/marfingestion.com\/ca\/wp-json\/wp\/v2\/types\/page"}],"author":[{"embeddable":true,"href":"https:\/\/marfingestion.com\/ca\/wp-json\/wp\/v2\/users\/1"}],"replies":[{"embeddable":true,"href":"https:\/\/marfingestion.com\/ca\/wp-json\/wp\/v2\/comments?post=3835"}],"version-history":[{"count":5,"href":"https:\/\/marfingestion.com\/ca\/wp-json\/wp\/v2\/pages\/3835\/revisions"}],"predecessor-version":[{"id":4189,"href":"https:\/\/marfingestion.com\/ca\/wp-json\/wp\/v2\/pages\/3835\/revisions\/4189"}],"wp:attachment":[{"href":"https:\/\/marfingestion.com\/ca\/wp-json\/wp\/v2\/media?parent=3835"}],"curies":[{"name":"wp","href":"https:\/\/api.w.org\/{rel}","templated":true}]}}