{"id":3829,"date":"2020-07-16T19:01:12","date_gmt":"2020-07-16T17:01:12","guid":{"rendered":"https:\/\/marfingestion.com\/els-nostres-valors\/"},"modified":"2023-12-19T10:39:25","modified_gmt":"2023-12-19T09:39:25","slug":"els-nostres-valors","status":"publish","type":"page","link":"https:\/\/marfingestion.com\/ca\/els-nostres-valors\/","title":{"rendered":"Els nostres Valors"},"content":{"rendered":"<div id='layer_slider_1'  class='avia-layerslider main_color avia-shadow  avia-builder-el-0  el_before_av_section  avia-builder-el-first  container_wrap sidebar_right' style='  height: 471px;' ><\/div>\n<div id='av_section_1'  class='avia-section alternate_color avia-section-large avia-shadow  avia-bg-style-scroll  avia-builder-el-1  el_after_av_layerslider  el_before_av_section   container_wrap sidebar_right' style=' '  ><div class='container' ><div class='template-page content  av-content-small alpha units'><div class='post-entry post-entry-type-page post-entry-3829'><div class='entry-content-wrapper clearfix'>\n<div class=\"flex_column av_one_half  flex_column_div first  avia-builder-el-2  el_before_av_one_half  avia-builder-el-first  \" ><section class=\"av_textblock_section \"  itemscope=\"itemscope\" itemtype=\"https:\/\/schema.org\/CreativeWork\" ><div class='avia_textblock  '   itemprop=\"text\" ><h2 style=\"text-align: right;\">La nostra Hist\u00f2ria<\/h2>\n<\/div><\/section><br \/>\n<div   class='hr hr-short hr-right   avia-builder-el-4  el_after_av_textblock  el_before_av_textblock '><span class='hr-inner ' ><span class='hr-inner-style'><\/span><\/span><\/div><br \/>\n<section class=\"av_textblock_section \"  itemscope=\"itemscope\" itemtype=\"https:\/\/schema.org\/CreativeWork\" ><div class='avia_textblock   av-small-font-size-overwrite av-small-font-size-16'  style='font-size:18px; '  itemprop=\"text\" ><p style=\"text-align: right;\">Des de la nostra implantaci\u00f3 en L\u00b4Hospitalet, hem tingut el privilegi d&#8217;acompanyar a la nostra ciutat durant els \u00faltims gaireb\u00e9 trenta anys en els grans canvis que ha experimentat. Un desenvolupament que ha suposat per a la nostra activitat empresarial una llarga traject\u00f2ria de\u00a0creixement:<\/p>\n<\/div><\/section><br \/>\n<div  style='height:30px' class='hr hr-invisible   avia-builder-el-6  el_after_av_textblock  el_before_av_textblock '><span class='hr-inner ' ><span class='hr-inner-style'><\/span><\/span><\/div><br \/>\n<section class=\"av_textblock_section \"  itemscope=\"itemscope\" itemtype=\"https:\/\/schema.org\/CreativeWork\" ><div class='avia_textblock   av-small-font-size-overwrite av-small-font-size-16'   itemprop=\"text\" ><p><strong>MARFIN GESTION<\/strong> deu el seu origen a <strong>Sr. Pedro M\u00e1rquez Morales<\/strong> fundador d&#8217;una empresa d&#8217;\u00e0mbit familiar, que ja en la d\u00e8cada dels 60 realitzava la promoci\u00f3 i construcci\u00f3 d&#8217;edificis d&#8217;habitatges, aconseguint un ampli reconeixement durant la seva llarga traject\u00f2ria professional.<\/p>\n<p>Des de 1960 a 1964 va iniciar a la seva activitat professional col\u00b7laborant per compte d&#8217;altri en diverses obres d&#8217;\u00e0mbit privat, arribant a participar en la construcci\u00f3 de la capella del Camp Nou.<\/p>\n<p>A partir de 1964 inicia l&#8217;activitat per compte propi, en empreses de la construcci\u00f3. Cal destacar l&#8217;any 1965 com primera obra pr\u00f2pia, una petita casa familiar al carrer Bassegoda de Barcelona.<\/p>\n<p>Durant diverses d\u00e8cades i de forma continuada va construir habitatges, principalment en les poblacions de L\u2019Hospitalet, Esplugues, Barcelona ciutat, Cornell\u00e0, Rub\u00ed i El Prat de Llobregat, arribant fins i tot a executar obres a la prov\u00edncia de Tarragona.<\/p>\n<\/div><\/section><\/p><\/div><div class=\"flex_column av_one_half  flex_column_div   avia-builder-el-8  el_after_av_one_half  avia-builder-el-last  \" ><div  class='avia-icon-list-container   avia-builder-el-9  avia-builder-el-no-sibling '><ul class='avia-icon-list avia-icon-list-left av-iconlist-big avia_animate_when_almost_visible avia-iconlist-animate'>\n<li><div  class='iconlist_icon  avia-font-entypo-fontello'><span class='iconlist-char ' aria-hidden='true' data-av_icon='\ue856' data-av_iconfont='entypo-fontello'><\/span><\/div><article class=\"article-icon-entry \"  itemscope=\"itemscope\" itemtype=\"https:\/\/schema.org\/CreativeWork\" ><div class='iconlist_content_wrap'><header class=\"entry-content-header\"><h4 class='av_iconlist_title iconlist_title   '  itemprop=\"headline\"  >1991<\/h4><\/header><div class='iconlist_content  '  itemprop=\"text\"  ><p>Inici de l&#8217;activitat de <strong>MARFIN GESTI\u00d3N<\/strong> al carrer Belchite n\u00fam. 20 de L&#8217;Hospitalet<\/p>\n<\/div><\/div><footer class=\"entry-footer\"><\/footer><\/article><div class='iconlist-timeline'><\/div><\/li>\n<li><div  class='iconlist_icon  avia-font-entypo-fontello'><span class='iconlist-char ' aria-hidden='true' data-av_icon='\ue800' data-av_iconfont='entypo-fontello'><\/span><\/div><article class=\"article-icon-entry \"  itemscope=\"itemscope\" itemtype=\"https:\/\/schema.org\/CreativeWork\" ><div class='iconlist_content_wrap'><header class=\"entry-content-header\"><h4 class='av_iconlist_title iconlist_title   '  itemprop=\"headline\"  >1998<\/h4><\/header><div class='iconlist_content  '  itemprop=\"text\"  ><p>Ens traslladem a les noves instal\u00b7lacions amb una major superf\u00edcie en el n\u00fam. 13-15 del mateix carrer.<\/p>\n<\/div><\/div><footer class=\"entry-footer\"><\/footer><\/article><div class='iconlist-timeline'><\/div><\/li>\n<li><div  class='iconlist_icon  avia-font-entypo-fontello'><span class='iconlist-char ' aria-hidden='true' data-av_icon='\ue8b4' data-av_iconfont='entypo-fontello'><\/span><\/div><article class=\"article-icon-entry \"  itemscope=\"itemscope\" itemtype=\"https:\/\/schema.org\/CreativeWork\" ><div class='iconlist_content_wrap'><header class=\"entry-content-header\"><h4 class='av_iconlist_title iconlist_title   '  itemprop=\"headline\"  >2001<\/h4><\/header><div class='iconlist_content  '  itemprop=\"text\"  ><p>Ampliem la nostra oferta de serveis associant-nos al bufet <strong>GR ADVOCATS ASSOCIATS<\/strong>, un experimentat Gabinet Jur\u00eddic, inaugurant noves oficines al carrer Josep Prats 4, 2a planta, en ple centre de la nostra ciutat, al costat de l&#8217;Ajuntament.<\/p>\n<\/div><\/div><footer class=\"entry-footer\"><\/footer><\/article><div class='iconlist-timeline'><\/div><\/li>\n<li><div  class='iconlist_icon  avia-font-entypo-fontello'><span class='iconlist-char ' aria-hidden='true' data-av_icon='\ue82a' data-av_iconfont='entypo-fontello'><\/span><\/div><article class=\"article-icon-entry \"  itemscope=\"itemscope\" itemtype=\"https:\/\/schema.org\/CreativeWork\" ><div class='iconlist_content_wrap'><header class=\"entry-content-header\"><h4 class='av_iconlist_title iconlist_title   '  itemprop=\"headline\"  >2003<\/h4><\/header><div class='iconlist_content  '  itemprop=\"text\"  ><p>Amb l&#8217;objectiu de poder donar un millor servei als nostres clients i ampliar i modernitzar les nostres instal\u00b7lacions, realitzem el trasllat a la nostra nova seu en la carretera de Collblanc 253, de L\u2019Hospitalet, al costat del terme municipal d&#8217;Esplugues de Llobregat i centre comercial Finestrelles.<\/p>\n<\/div><\/div><footer class=\"entry-footer\"><\/footer><\/article><div class='iconlist-timeline'><\/div><\/li>\n<li><div  class='iconlist_icon  avia-font-entypo-fontello'><span class='iconlist-char ' aria-hidden='true' data-av_icon='\ue82a' data-av_iconfont='entypo-fontello'><\/span><\/div><article class=\"article-icon-entry \"  itemscope=\"itemscope\" itemtype=\"https:\/\/schema.org\/CreativeWork\" ><div class='iconlist_content_wrap'><header class=\"entry-content-header\"><h4 class='av_iconlist_title iconlist_title   '  itemprop=\"headline\"  >2017<\/h4><\/header><div class='iconlist_content  '  itemprop=\"text\"  ><p>Per a millorar la nostra oferta comercial, des de <strong>MARFIN GESTI\u00d3N<\/strong> assumim l&#8217;extensa cartera d&#8217;immobles de lloguer en r\u00e8gim d&#8217;Administraci\u00f3 Vertical de la hist\u00f2rica <strong>FINCAS LEVANTE<\/strong>, regentada pel senyor Rufino Moreno Canales, activitat que al costat de la compra\/venda d&#8217;immobles, desenvolupen la seva gesti\u00f3 di\u00e0ria des de les noves oficines situades en el barri de la Florida, Av. Masnou 53.<\/p>\n<\/div><\/div><footer class=\"entry-footer\"><\/footer><\/article><div class='iconlist-timeline'><\/div><\/li>\n<li><div  class='iconlist_icon  avia-font-entypo-fontello'><span class='iconlist-char ' aria-hidden='true' data-av_icon='\ue800' data-av_iconfont='entypo-fontello'><\/span><\/div><article class=\"article-icon-entry \"  itemscope=\"itemscope\" itemtype=\"https:\/\/schema.org\/CreativeWork\" ><div class='iconlist_content_wrap'><header class=\"entry-content-header\"><h4 class='av_iconlist_title iconlist_title   '  itemprop=\"headline\"  >2024<\/h4><\/header><div class='iconlist_content  '  itemprop=\"text\"  ><p>Fusi\u00f3 de dues de les nostres seus en una de sola per oferir millors serveis als nostres clients. Les noves instal\u00b7lacions han estat renovades per completa i es troben en una ubicaci\u00f3 amb millor connexi\u00f3 al transport p\u00fablic.<\/p>\n<\/div><\/div><footer class=\"entry-footer\"><\/footer><\/article><div class='iconlist-timeline'><\/div><\/li>\n<\/ul><\/div><\/div><\/div><\/div><\/div><!-- close content main div --><\/div><\/div><div id='av_section_2'  class='avia-section footer_color avia-section-large avia-no-shadow  avia-bg-style-scroll  avia-builder-el-10  el_after_av_section  el_before_av_section   container_wrap sidebar_right' style=' '  ><div class='container' ><div class='template-page content  av-content-small alpha units'><div class='post-entry post-entry-type-page post-entry-3829'><div class='entry-content-wrapper clearfix'>\n<div class=\"flex_column av_one_half  flex_column_div first  avia-builder-el-11  el_before_av_one_half  avia-builder-el-first  \" ><div  class='avia-gallery  avia-gallery-1 avia_lazyload avia-gallery-animate avia_animate_when_visible  avia-builder-el-12  avia-builder-el-no-sibling '  itemprop=\"image\" itemscope=\"itemscope\" itemtype=\"https:\/\/schema.org\/ImageObject\" ><a class='avia-gallery-big fakeLightbox avianolink noLightbox avia-gallery-big-crop-thumb ' href='https:\/\/marfingestion.com\/wp-content\/uploads\/2020\/10\/MG_13.jpg'  data-onclick='1' title='MG_13' ><span class='avia-gallery-big-inner'  itemprop=\"thumbnailUrl\" ><img decoding=\"async\" class=\"wp-image-3965 avia-img-lazy-loading-not-3965\"  width=\"495\" height=\"400\" src=\"https:\/\/marfingestion.com\/wp-content\/uploads\/2020\/10\/MG_13-495x400.jpg\" title='MG_13' alt='' \/><\/span><\/a><div class='avia-gallery-thumb'> <a href='https:\/\/marfingestion.com\/wp-content\/uploads\/2020\/10\/MG_13.jpg' data-rel='gallery-1' data-prev-img='https:\/\/marfingestion.com\/wp-content\/uploads\/2020\/10\/MG_13-495x400.jpg' class='first_thumb avianolink noLightbox ' data-onclick='1' title='MG_13'  itemprop=\"thumbnailUrl\"  ><img decoding=\"async\" class=\"wp-image-3965 avia-img-lazy-loading-not-3965\"   src=\"https:\/\/marfingestion.com\/wp-content\/uploads\/2020\/10\/MG_13-495x400.jpg\" width=\"495\" height=\"400\"  title='MG_13' alt='' \/><\/a> <a href='https:\/\/marfingestion.com\/wp-content\/uploads\/2020\/10\/MG_8.jpg' data-rel='gallery-1' data-prev-img='https:\/\/marfingestion.com\/wp-content\/uploads\/2020\/10\/MG_8-495x400.jpg' class='avianolink noLightbox ' data-onclick='2' title='MG_8'  itemprop=\"thumbnailUrl\"  ><img decoding=\"async\" class=\"wp-image-3957 avia-img-lazy-loading-not-3957\"   src=\"https:\/\/marfingestion.com\/wp-content\/uploads\/2020\/10\/MG_8-495x400.jpg\" width=\"495\" height=\"400\"  title='MG_8' alt='' \/><\/a> <a href='https:\/\/marfingestion.com\/wp-content\/uploads\/2020\/10\/MG_16.jpg' data-rel='gallery-1' data-prev-img='https:\/\/marfingestion.com\/wp-content\/uploads\/2020\/10\/MG_16-495x400.jpg' class='avianolink noLightbox ' data-onclick='3' title='MG_16'  itemprop=\"thumbnailUrl\"  ><img decoding=\"async\" class=\"wp-image-3969 avia-img-lazy-loading-not-3969\"   src=\"https:\/\/marfingestion.com\/wp-content\/uploads\/2020\/10\/MG_16-495x400.jpg\" width=\"495\" height=\"400\"  title='MG_16' alt='' \/><\/a> <a href='https:\/\/marfingestion.com\/wp-content\/uploads\/2020\/10\/MG_18.jpg' data-rel='gallery-1' data-prev-img='https:\/\/marfingestion.com\/wp-content\/uploads\/2020\/10\/MG_18-495x400.jpg' class='avianolink noLightbox ' data-onclick='4' title='MG_18'  itemprop=\"thumbnailUrl\"  ><img decoding=\"async\" class=\"wp-image-3971 avia-img-lazy-loading-not-3971\"   src=\"https:\/\/marfingestion.com\/wp-content\/uploads\/2020\/10\/MG_18-495x400.jpg\" width=\"495\" height=\"400\"  title='MG_18' alt='' \/><\/a> <a href='https:\/\/marfingestion.com\/wp-content\/uploads\/2020\/10\/MG_10.jpg' data-rel='gallery-1' data-prev-img='https:\/\/marfingestion.com\/wp-content\/uploads\/2020\/10\/MG_10-495x400.jpg' class='avianolink noLightbox ' data-onclick='5' title='MG_10'  itemprop=\"thumbnailUrl\"  ><img decoding=\"async\" class=\"wp-image-3961 avia-img-lazy-loading-not-3961\"   src=\"https:\/\/marfingestion.com\/wp-content\/uploads\/2020\/10\/MG_10-495x400.jpg\" width=\"495\" height=\"400\"  title='MG_10' alt='' \/><\/a> <a href='https:\/\/marfingestion.com\/wp-content\/uploads\/2020\/10\/MG_9.jpg' data-rel='gallery-1' data-prev-img='https:\/\/marfingestion.com\/wp-content\/uploads\/2020\/10\/MG_9-495x400.jpg' class='avianolink noLightbox ' data-onclick='6' title='MG_9'  itemprop=\"thumbnailUrl\"  ><img decoding=\"async\" class=\"wp-image-3959 avia-img-lazy-loading-not-3959\"   src=\"https:\/\/marfingestion.com\/wp-content\/uploads\/2020\/10\/MG_9-495x400.jpg\" width=\"495\" height=\"400\"  title='MG_9' alt='' \/><\/a> <a href='https:\/\/marfingestion.com\/wp-content\/uploads\/2020\/10\/MG_11.jpg' data-rel='gallery-1' data-prev-img='https:\/\/marfingestion.com\/wp-content\/uploads\/2020\/10\/MG_11-495x400.jpg' class='avianolink noLightbox ' data-onclick='7' title='MG_11'  itemprop=\"thumbnailUrl\"  ><img decoding=\"async\" class=\"wp-image-3963 avia-img-lazy-loading-not-3963\"   src=\"https:\/\/marfingestion.com\/wp-content\/uploads\/2020\/10\/MG_11-495x400.jpg\" width=\"495\" height=\"400\"  title='MG_11' alt='' \/><\/a> <a href='https:\/\/marfingestion.com\/wp-content\/uploads\/2020\/10\/MG_14.jpg' data-rel='gallery-1' data-prev-img='https:\/\/marfingestion.com\/wp-content\/uploads\/2020\/10\/MG_14-495x400.jpg' class='first_thumb avianolink noLightbox ' data-onclick='8' title='MG_14'  itemprop=\"thumbnailUrl\"  ><img decoding=\"async\" class=\"wp-image-3967 avia-img-lazy-loading-not-3967\"   src=\"https:\/\/marfingestion.com\/wp-content\/uploads\/2020\/10\/MG_14-495x400.jpg\" width=\"495\" height=\"400\"  title='MG_14' alt='' \/><\/a> <a href='https:\/\/marfingestion.com\/wp-content\/uploads\/2020\/10\/MG_1.jpg' data-rel='gallery-1' data-prev-img='https:\/\/marfingestion.com\/wp-content\/uploads\/2020\/10\/MG_1-495x400.jpg' class='avianolink noLightbox ' data-onclick='9' title='MG_1'  itemprop=\"thumbnailUrl\"  ><img decoding=\"async\" class=\"wp-image-3973 avia-img-lazy-loading-not-3973\"   src=\"https:\/\/marfingestion.com\/wp-content\/uploads\/2020\/10\/MG_1-495x400.jpg\" width=\"495\" height=\"400\"  title='MG_1' alt='' \/><\/a> <a href='https:\/\/marfingestion.com\/wp-content\/uploads\/2020\/10\/MG_2.jpg' data-rel='gallery-1' data-prev-img='https:\/\/marfingestion.com\/wp-content\/uploads\/2020\/10\/MG_2-495x400.jpg' class='avianolink noLightbox ' data-onclick='10' title='MG_2'  itemprop=\"thumbnailUrl\"  ><img decoding=\"async\" class=\"wp-image-3975 avia-img-lazy-loading-not-3975\"   src=\"https:\/\/marfingestion.com\/wp-content\/uploads\/2020\/10\/MG_2-495x400.jpg\" width=\"495\" height=\"400\"  title='MG_2' alt='' \/><\/a> <a href='https:\/\/marfingestion.com\/wp-content\/uploads\/2020\/10\/MG_3.jpg' data-rel='gallery-1' data-prev-img='https:\/\/marfingestion.com\/wp-content\/uploads\/2020\/10\/MG_3-495x400.jpg' class='avianolink noLightbox ' data-onclick='11' title='MG_3'  itemprop=\"thumbnailUrl\"  ><img decoding=\"async\" class=\"wp-image-3977 avia-img-lazy-loading-not-3977\"   src=\"https:\/\/marfingestion.com\/wp-content\/uploads\/2020\/10\/MG_3-495x400.jpg\" width=\"495\" height=\"400\"  title='MG_3' alt='' \/><\/a> <a href='https:\/\/marfingestion.com\/wp-content\/uploads\/2020\/10\/MG_4.jpg' data-rel='gallery-1' data-prev-img='https:\/\/marfingestion.com\/wp-content\/uploads\/2020\/10\/MG_4-495x400.jpg' class='avianolink noLightbox ' data-onclick='12' title='MG_4'  itemprop=\"thumbnailUrl\"  ><img decoding=\"async\" class=\"wp-image-3979 avia-img-lazy-loading-not-3979\"   src=\"https:\/\/marfingestion.com\/wp-content\/uploads\/2020\/10\/MG_4-495x400.jpg\" width=\"495\" height=\"400\"  title='MG_4' alt='' \/><\/a> <a href='https:\/\/marfingestion.com\/wp-content\/uploads\/2020\/10\/MG_6.jpg' data-rel='gallery-1' data-prev-img='https:\/\/marfingestion.com\/wp-content\/uploads\/2020\/10\/MG_6-495x400.jpg' class='avianolink noLightbox ' data-onclick='13' title='MG_6'  itemprop=\"thumbnailUrl\"  ><img decoding=\"async\" class=\"wp-image-3955 avia-img-lazy-loading-not-3955\"   src=\"https:\/\/marfingestion.com\/wp-content\/uploads\/2020\/10\/MG_6-495x400.jpg\" width=\"495\" height=\"400\"  title='MG_6' alt='' \/><\/a> <a href='https:\/\/marfingestion.com\/wp-content\/uploads\/2020\/10\/MG_5.jpg' data-rel='gallery-1' data-prev-img='https:\/\/marfingestion.com\/wp-content\/uploads\/2020\/10\/MG_5-495x400.jpg' class='avianolink noLightbox ' data-onclick='14' title='MG_5'  itemprop=\"thumbnailUrl\"  ><img decoding=\"async\" class=\"wp-image-3981 avia-img-lazy-loading-not-3981\"   src=\"https:\/\/marfingestion.com\/wp-content\/uploads\/2020\/10\/MG_5-495x400.jpg\" width=\"495\" height=\"400\"  title='MG_5' alt='' \/><\/a><\/div><\/div><\/div><div class=\"flex_column av_one_half  flex_column_div   avia-builder-el-13  el_after_av_one_half  avia-builder-el-last  \" ><section class=\"av_textblock_section \"  itemscope=\"itemscope\" itemtype=\"https:\/\/schema.org\/CreativeWork\" ><div class='avia_textblock  '   itemprop=\"text\" ><h2>Ubicacions \/ Esponsoritzaci\u00f3<\/h2>\n<\/div><\/section><br \/>\n<div  style='height:20px' class='hr hr-invisible   avia-builder-el-15  el_after_av_textblock  el_before_av_textblock '><span class='hr-inner ' ><span class='hr-inner-style'><\/span><\/span><\/div><br \/>\n<section class=\"av_textblock_section \"  itemscope=\"itemscope\" itemtype=\"https:\/\/schema.org\/CreativeWork\" ><div class='avia_textblock  '  style='font-size:16px; '  itemprop=\"text\" ><p>Durant els pr\u00e0cticament 30 anys de l&#8217;inici de la nostra activitat, ens hem anat traslladant a noves instal\u00b7lacions per a adaptar-nos al creixement de la nostra empresa i sempre amb el prop\u00f2sit de donar un millor servei als nostres clients i usuaris.<\/p>\n<p>Durant aquest llarg per\u00edode l&#8217;esponsoritzaci\u00f3 d&#8217;activitats neix en <strong>MARFIN GESTI\u00d3<\/strong> amb l&#8217;objectiu de traslladar a la comunitat una part dels recursos destinats a la promoci\u00f3 de la nostra signatura. Una pr\u00e0ctica desenvolupada hist\u00f2ricament com a suport a diferents activitats esportives com el futbol sala, en les quals han participat activament alguns integrants de la nostra plantilla, aix\u00ed com per al desenvolupament de diferents activitats d&#8217;aventura o vivencials, com l&#8217;espeleologia o la realitzada en 1993 coincidint amb l&#8217;any Jubilar, en la qual un nombr\u00f3s grup de ciclistes va completar la ruta del Cam\u00ed de Santiago.<\/p>\n<\/div><\/section><\/p><\/div>\n<\/p>\n<\/div><\/div><\/div><!-- close content main div --><\/div><\/div><div id='av_section_3'  class='avia-section alternate_color avia-section-large avia-shadow  avia-bg-style-scroll  avia-builder-el-17  el_after_av_section  avia-builder-el-last   container_wrap sidebar_right' style=' '  ><div class='container' ><div class='template-page content  av-content-small alpha units'><div class='post-entry post-entry-type-page post-entry-3829'><div class='entry-content-wrapper clearfix'>\n<section class=\"av_textblock_section \"  itemscope=\"itemscope\" itemtype=\"https:\/\/schema.org\/CreativeWork\" ><div class='avia_textblock  '   itemprop=\"text\" ><h2 style=\"text-align: center;\">El que els nostres clients i col\u00b7laboradors diuen de nosaltres<\/h2>\n<\/div><\/section>\n<div   class='hr hr-short hr-center   avia-builder-el-19  el_after_av_textblock  el_before_av_testimonials '><span class='hr-inner ' ><span class='hr-inner-style'><\/span><\/span><\/div>\n<div   data-autoplay='1'  data-interval='5'  data-animation='fade'  data-hoverpause='1'  class='avia-testimonial-wrapper avia-grid-testimonials avia-grid-2-testimonials avia_animate_when_almost_visible   '>\n<section class ='avia-testimonial-row'><div class='avia-testimonial av_one_half flex_column no_margin avia-testimonial-row-1 avia-first-testimonial' ><div class='avia-testimonial_inner'  itemscope=\"itemscope\" itemtype=\"https:\/\/schema.org\/CreativeWork\" ><div class='avia-testimonial-image'  itemprop=\"image\"  style='background-image:url(https:\/\/marfingestion.com\/wp-content\/uploads\/2020\/12\/Manuel-Pizarro.jpg);'><\/div><div class='avia-testimonial-content '  ><div class='avia-testimonial-markup-entry-content'  itemprop=\"text\" ><p>Em van tramitar la compra d&#8217;un pis i haig de dir que la professionalitat de la Sra. M\u00aa Rosa i el tracte que vaig rebre per part seva, van fer que em qued\u00e9s com a client. Ara administren el meu pis i estic molt satisfet. Fan tot el possible per facilitar-te les coses. Molt bon equip.<\/p>\n<\/div><\/div><div class='avia-testimonial-meta'><div class='avia-testimonial-arrow-wrap'><div class='avia-arrow'><\/div><\/div><div class='avia-testimonial-meta-mini'  itemprop=\"author\" itemscope=\"itemscope\" itemtype=\"https:\/\/schema.org\/Person\" ><strong  class='avia-testimonial-name'    itemprop=\"name\" >Manuel Pizarro<\/strong><span  class='avia-testimonial-subtitle '    itemprop=\"jobTitle\" >Propietari<\/span><\/div><\/div><\/div><\/div>\n<div class='avia-testimonial av_one_half flex_column no_margin avia-testimonial-row-1 avia-last-testimonial' ><div class='avia-testimonial_inner'  itemscope=\"itemscope\" itemtype=\"https:\/\/schema.org\/CreativeWork\" ><div class='avia-testimonial-image'  itemprop=\"image\"  style='background-image:url(https:\/\/marfingestion.com\/wp-content\/uploads\/2020\/12\/Viodelda-Barsallo.jpg);'><\/div><div class='avia-testimonial-content '  ><div class='avia-testimonial-markup-entry-content'  itemprop=\"text\" ><p>Honestedat, inter\u00e8s i promptitud per resoldre els problemes que es presenten en les Comunitats de Propietaris, s\u00f3n les pautes de treball de l&#8217;Administraci\u00f3 de Finques MARFIN.<\/p>\n<\/div><\/div><div class='avia-testimonial-meta'><div class='avia-testimonial-arrow-wrap'><div class='avia-arrow'><\/div><\/div><div class='avia-testimonial-meta-mini'  itemprop=\"author\" itemscope=\"itemscope\" itemtype=\"https:\/\/schema.org\/Person\" ><strong  class='avia-testimonial-name'    itemprop=\"name\" >Viodelda Barsallo<\/strong><span  class='avia-testimonial-subtitle '    itemprop=\"jobTitle\" >Col\u00b7laboradora jubilada<\/span><\/div><\/div><\/div><\/div><\/section>\n<section class ='avia-testimonial-row'><div class='avia-testimonial av_one_half flex_column no_margin avia-testimonial-row-2 avia-first-testimonial' ><div class='avia-testimonial_inner'  itemscope=\"itemscope\" itemtype=\"https:\/\/schema.org\/CreativeWork\" ><div class='avia-testimonial-image'  itemprop=\"image\"  style='background-image:url(https:\/\/marfingestion.com\/wp-content\/uploads\/2020\/12\/Maria-Lecumberri.jpg);'><\/div><div class='avia-testimonial-content '  ><div class='avia-testimonial-markup-entry-content'  itemprop=\"text\" ><p>El meu pare fa uns 18 anys ja va confiar en ells. I jo des de fa tres anys s\u00f3c la que confia plenament. Gr\u00e0cies per tota l&#8217;ajuda que sempre em presteu.<\/p>\n<\/div><\/div><div class='avia-testimonial-meta'><div class='avia-testimonial-arrow-wrap'><div class='avia-arrow'><\/div><\/div><div class='avia-testimonial-meta-mini'  itemprop=\"author\" itemscope=\"itemscope\" itemtype=\"https:\/\/schema.org\/Person\" ><strong  class='avia-testimonial-name'    itemprop=\"name\" >Mar\u00eda Lecumberri<\/strong><span  class='avia-testimonial-subtitle '    itemprop=\"jobTitle\" >Propiet\u00e0ria en una Comunitat<\/span><\/div><\/div><\/div><\/div>\n<div class='avia-testimonial av_one_half flex_column no_margin avia-testimonial-row-2 avia-last-testimonial' ><div class='avia-testimonial_inner'  itemscope=\"itemscope\" itemtype=\"https:\/\/schema.org\/CreativeWork\" ><div class='avia-testimonial-image'  itemprop=\"image\"  style='background-image:url(https:\/\/marfingestion.com\/wp-content\/uploads\/2020\/12\/Josep-M-Guarro-B.jpg);'><\/div><div class='avia-testimonial-content '  ><div class='avia-testimonial-markup-entry-content'  itemprop=\"text\" ><p>Vam comen\u00e7ar a treballar amb Pedro M\u00e1rquez (Marfin Gesti\u00f3) fa m\u00e9s de 20 anys. Des d&#8217;un principi ens vam entendre perqu\u00e8 ten\u00edem, i tenim encara avui, la mateixa manera de veure el treball. Tracte directe i pr\u00f2xim amb el client, serietat i honestedat. Despr\u00e9s de tants anys continuem col\u00b7laborant com el primer dia, mantenint uns principis que ens han donat excel\u00b7lents resultats.<\/p>\n<\/div><\/div><div class='avia-testimonial-meta'><div class='avia-testimonial-arrow-wrap'><div class='avia-arrow'><\/div><\/div><div class='avia-testimonial-meta-mini'  itemprop=\"author\" itemscope=\"itemscope\" itemtype=\"https:\/\/schema.org\/Person\" ><strong  class='avia-testimonial-name'    itemprop=\"name\" >Josep M. Guarro Pujadas<\/strong><span  class='avia-testimonial-subtitle '    itemprop=\"jobTitle\" >Advocat de GR Advocats Associats<\/span><\/div><\/div><\/div><\/div><\/section>\n<\/div>\n<\/div><\/div><\/div><!-- close content main div --><\/div><\/div><div id='after_section_3'  class='main_color av_default_container_wrap container_wrap sidebar_right' style=' '  ><div class='container' ><div class='template-page content  av-content-small alpha units'><div class='post-entry post-entry-type-page post-entry-3829'><div class='entry-content-wrapper clearfix'>\n","protected":false},"excerpt":{"rendered":"","protected":false},"author":1,"featured_media":0,"parent":0,"menu_order":0,"comment_status":"closed","ping_status":"closed","template":"","meta":{"_acf_changed":false,"footnotes":""},"class_list":["post-3829","page","type-page","status-publish","hentry"],"acf":[],"_links":{"self":[{"href":"https:\/\/marfingestion.com\/ca\/wp-json\/wp\/v2\/pages\/3829","targetHints":{"allow":["GET"]}}],"collection":[{"href":"https:\/\/marfingestion.com\/ca\/wp-json\/wp\/v2\/pages"}],"about":[{"href":"https:\/\/marfingestion.com\/ca\/wp-json\/wp\/v2\/types\/page"}],"author":[{"embeddable":true,"href":"https:\/\/marfingestion.com\/ca\/wp-json\/wp\/v2\/users\/1"}],"replies":[{"embeddable":true,"href":"https:\/\/marfingestion.com\/ca\/wp-json\/wp\/v2\/comments?post=3829"}],"version-history":[{"count":3,"href":"https:\/\/marfingestion.com\/ca\/wp-json\/wp\/v2\/pages\/3829\/revisions"}],"predecessor-version":[{"id":5645,"href":"https:\/\/marfingestion.com\/ca\/wp-json\/wp\/v2\/pages\/3829\/revisions\/5645"}],"wp:attachment":[{"href":"https:\/\/marfingestion.com\/ca\/wp-json\/wp\/v2\/media?parent=3829"}],"curies":[{"name":"wp","href":"https:\/\/api.w.org\/{rel}","templated":true}]}}