{"id":3811,"date":"2013-04-01T15:37:54","date_gmt":"2013-04-01T15:37:54","guid":{"rendered":"https:\/\/marfingestion.com\/homepage\/"},"modified":"2024-12-09T09:02:57","modified_gmt":"2024-12-09T08:02:57","slug":"inici","status":"publish","type":"page","link":"https:\/\/marfingestion.com\/ca\/","title":{"rendered":"Inici"},"content":{"rendered":"<\/p>\n<div id='layer_slider_1'  class='avia-layerslider main_color avia-shadow  avia-builder-el-0  el_before_av_textblock  avia-builder-el-first  container_wrap sidebar_right' style='  height: 545px; max-width: 1900px; margin: 0 auto;' ><\/div><div id='after_layer_slider_1'  class='main_color av_default_container_wrap container_wrap sidebar_right' style=' '  ><div class='container' ><div class='template-page content  av-content-small alpha units'><div class='post-entry post-entry-type-page post-entry-3811'><div class='entry-content-wrapper clearfix'>\n<section class=\"av_textblock_section \"  id=\"entradeta-inici\"  itemscope=\"itemscope\" itemtype=\"https:\/\/schema.org\/CreativeWork\" ><div class='avia_textblock   av-small-font-size-overwrite av-small-font-size-14'  style='font-size:16px; '  itemprop=\"text\" ><p style=\"text-align: center;\">Des de <strong style=\"color: inherit;\">1991<\/strong>, <strong style=\"color: #e1251b;\">MARFIN GESTI\u00d3N<\/strong> a L&#8217;Hospitalet de Llobregat oferint serveis de valor en l&#8217;Administraci\u00f3 de Finques i la gesti\u00f3 de comunitats de propietaris, lloguer i compra-venda d&#8217;immobles, construcci\u00f3, rehabilitaci\u00f3 d&#8217;edificis i assessorament jur\u00eddic per als nostres clients.<\/p>\n<\/div><\/section>\n<div  style='height:30px' class='hr hr-invisible   avia-builder-el-2  el_after_av_textblock  el_before_av_textblock '><span class='hr-inner ' ><span class='hr-inner-style'><\/span><\/span><\/div>\n<section class=\"av_textblock_section \"  itemscope=\"itemscope\" itemtype=\"https:\/\/schema.org\/CreativeWork\" ><div class='avia_textblock  av_inherit_color '   itemprop=\"text\" ><p><strong>Con\u00e8ixer-nos:<\/strong><\/p>\n<\/div><\/section>\n<div class=\"flex_column av_one_fourth  flex_column_div av-zero-column-padding first  avia-builder-el-4  el_after_av_textblock  el_before_av_one_fourth  column-top-margin\" style='margin-top:10px; margin-bottom:30px; border-radius:0px; '><p><div  class='avia-image-container  av-styling-    avia-builder-el-5  el_before_av_textblock  avia-builder-el-first  avia-align-center '  itemprop=\"image\" itemscope=\"itemscope\" itemtype=\"https:\/\/schema.org\/ImageObject\"  ><div class='avia-image-container-inner'><div class='avia-image-overlay-wrap'><a href='https:\/\/marfingestion.com\/comunidad-de-propietarios\/' class='avia_image'  ><img decoding=\"async\" width=\"232\" height=\"180\" class='wp-image-3697 avia-img-lazy-loading-not-3697 avia_image' src=\"https:\/\/marfingestion.com\/wp-content\/uploads\/2020\/07\/Detalle_1.jpg\" alt='' title='Detalle_1'  itemprop=\"thumbnailUrl\"  \/><\/a><\/div><\/div><\/div><br \/>\n<section class=\"av_textblock_section \"  itemscope=\"itemscope\" itemtype=\"https:\/\/schema.org\/CreativeWork\" ><div class='avia_textblock  '   itemprop=\"text\" ><p><strong>Comunitat de propietaris<\/strong><br \/>\nUna llarga traject\u00f2ria professional basada en la confian\u00e7a m\u00fatua i l&#8217;assessorament continu als nostres clients.<br \/>\n<a href=\"https:\/\/marfingestion.com\/\/comunidad-de-propietarios\/\">Saber-ne m\u00e9s.<\/a><\/p>\n<\/div><\/section><\/p><\/div>\n<div class=\"flex_column av_one_fourth  flex_column_div   avia-builder-el-7  el_after_av_one_fourth  el_before_av_one_fourth  column-top-margin\" style='margin-top:10px; margin-bottom:30px; '><p><div  class='avia-image-container  av-styling-    avia-builder-el-8  el_before_av_textblock  avia-builder-el-first  avia-align-center '  itemprop=\"image\" itemscope=\"itemscope\" itemtype=\"https:\/\/schema.org\/ImageObject\"  ><div class='avia-image-container-inner'><div class='avia-image-overlay-wrap'><img decoding=\"async\" class='wp-image-4090 avia-img-lazy-loading-not-4090 avia_image' src=\"https:\/\/marfingestion.com\/wp-content\/uploads\/2020\/12\/DSD_0247_B.jpg\" alt='Nuestras instalaciones' title='DSD_0247_B' height=\"180\" width=\"232\"  itemprop=\"thumbnailUrl\"  \/><\/div><\/div><\/div><br \/>\n<section class=\"av_textblock_section \"  itemscope=\"itemscope\" itemtype=\"https:\/\/schema.org\/CreativeWork\" ><div class='avia_textblock  '   itemprop=\"text\" ><p><strong>Les nostres instal\u00b7lacions<\/strong><br \/>\nEns trobar\u00e0s a les nostres oficines estrat\u00e8gicament situades a Pubilla Cases, la Florida i l&#8217;Hospitalet Centre, vine a con\u00e8ixer-nos i descobrir la nostra \u00e0mplia oferta de serveis.<\/p>\n<\/div><\/section><\/p><\/div>\n<div class=\"flex_column av_one_fourth  flex_column_div   avia-builder-el-10  el_after_av_one_fourth  el_before_av_one_fourth  column-top-margin\" style='margin-top:10px; margin-bottom:30px; '><p><div  class='avia-image-container  av-styling-    avia-builder-el-11  el_before_av_textblock  avia-builder-el-first  avia-align-center '  itemprop=\"image\" itemscope=\"itemscope\" itemtype=\"https:\/\/schema.org\/ImageObject\"  ><div class='avia-image-container-inner'><div class='avia-image-overlay-wrap'><a href='https:\/\/marfingestion.com\/ca\/contacte\/' class='avia_image'  ><img decoding=\"async\" width=\"277\" height=\"225\" class='wp-image-3949 avia-img-lazy-loading-not-3949 avia_image' src=\"https:\/\/marfingestion.com\/wp-content\/uploads\/2020\/10\/Cita_Previa_CAT.jpg\" alt='' title='Cita_Pr\u00e8via_CAT'  itemprop=\"thumbnailUrl\"  \/><\/a><\/div><\/div><\/div><br \/>\n<section class=\"av_textblock_section \"  itemscope=\"itemscope\" itemtype=\"https:\/\/schema.org\/CreativeWork\" ><div class='avia_textblock  '   itemprop=\"text\" ><p><strong>Cita Pr\u00e8via<\/strong><br \/>\nPer a facilitar les gestions en les nostres instal\u00b7lacions en per\u00edode de COVID-19 li recomanem sol\u00b7liciti Cita en el seg\u00fcent <a href=\"https:\/\/marfingestion.com\/ca\/contacte\/\">enlla\u00e7<\/a>.<\/p>\n<\/div><\/section><\/p><\/div>\n<div class=\"flex_column av_one_fourth  flex_column_div   avia-builder-el-13  el_after_av_one_fourth  el_before_av_one_third  column-top-margin\" style='margin-top:10px; margin-bottom:30px; '><p><div  class='avia-image-container  av-styling-    avia-builder-el-14  el_before_av_textblock  avia-builder-el-first  avia-align-center '  itemprop=\"image\" itemscope=\"itemscope\" itemtype=\"https:\/\/schema.org\/ImageObject\"  ><div class='avia-image-container-inner'><div class='avia-image-overlay-wrap'><a href='https:\/\/marfingestion.com\/ca\/els-nostres-valors\/' class='avia_image'  ><img decoding=\"async\" width=\"232\" height=\"211\" class='wp-image-4092 avia-img-lazy-loading-not-4092 avia_image' src=\"https:\/\/marfingestion.com\/wp-content\/uploads\/2020\/12\/Logo_30-Aniversario_2B.jpg\" alt='' title='Logo_30-Aniversario_2B'  itemprop=\"thumbnailUrl\"  \/><\/a><\/div><\/div><\/div><br \/>\n<section class=\"av_textblock_section \"  itemscope=\"itemscope\" itemtype=\"https:\/\/schema.org\/CreativeWork\" ><div class='avia_textblock  '   itemprop=\"text\" ><p>En 2021 celebrem que 30 anys de traject\u00f2ria avalen la nostra experi\u00e8ncia professional. Un llarg per\u00edode de temps en el qual hem assistit amb entusiasme als grans canvis que ha experimentat la nostra ciutat.<\/p>\n<\/div><\/section><\/p><\/div>\n<div class=\"flex_column av_one_third  flex_column_div av-zero-column-padding first  avia-builder-el-16  el_after_av_one_fourth  el_before_av_one_third  col-iguala-alt column-top-margin\" style='border-radius:0px; '><article  class=\"iconbox iconbox_top main_color    avia-builder-el-17  avia-builder-el-no-sibling  caja-icono-logo-mfg caja-icono-fondo-gris \"  itemscope=\"itemscope\" itemtype=\"https:\/\/schema.org\/CreativeWork\" ><div class=\"iconbox_content\"><header class=\"entry-content-header\"><div class=\"iconbox_icon heading-color\" aria-hidden='true' data-av_icon='\ue854' data-av_iconfont='entypo-fontello'  ><\/div><h3 class='iconbox_content_title  '  itemprop=\"headline\"  >Experi\u00e8ncia professional<\/h3><\/header><div class='iconbox_content_container  '  itemprop=\"text\"  ><p>Gaireb\u00e9 tres d\u00e8cades a l&#8217;Hospitalet gestionant <strong class=\"texto-rojo\">efica\u00e7ment<\/strong> un gran nombre de comunitats de propietaris de la ciutat.<\/p>\n<\/div><\/div><footer class=\"entry-footer\"><\/footer><\/article><\/div>\n<div class=\"flex_column av_one_third  flex_column_div av-zero-column-padding   avia-builder-el-18  el_after_av_one_third  el_before_av_one_third  col-iguala-alt column-top-margin\" style='border-radius:0px; '><article  class=\"iconbox iconbox_top main_color    avia-builder-el-19  avia-builder-el-no-sibling  caja-icono-logo-mfg caja-icono-fondo-gris \"  itemscope=\"itemscope\" itemtype=\"https:\/\/schema.org\/CreativeWork\" ><div class=\"iconbox_content\"><header class=\"entry-content-header\"><div class=\"iconbox_icon heading-color\" aria-hidden='true' data-av_icon='\ue854' data-av_iconfont='entypo-fontello'  ><\/div><h3 class='iconbox_content_title  '  itemprop=\"headline\"  >Assessorament continu<\/h3><\/header><div class='iconbox_content_container  '  itemprop=\"text\"  ><p>Com a part de la nostra <strong class=\"texto-rojo\">Pol\u00edtica d&#8217;empresa<\/strong> per garantir i defensar el correcte funcionament de les comunitats i els interessos de propietaris i llogaters.<\/p>\n<\/div><\/div><footer class=\"entry-footer\"><\/footer><\/article><\/div>\n<div class=\"flex_column av_one_third  flex_column_div av-zero-column-padding   avia-builder-el-20  el_after_av_one_third  avia-builder-el-last  col-iguala-alt column-top-margin\" style='border-radius:0px; '><article  class=\"iconbox iconbox_top main_color    avia-builder-el-21  avia-builder-el-no-sibling  caja-icono-logo-mfg caja-icono-fondo-gris \"  itemscope=\"itemscope\" itemtype=\"https:\/\/schema.org\/CreativeWork\" ><div class=\"iconbox_content\"><header class=\"entry-content-header\"><div class=\"iconbox_icon heading-color\" aria-hidden='true' data-av_icon='\ue854' data-av_iconfont='entypo-fontello'  ><\/div><h3 class='iconbox_content_title  '  itemprop=\"headline\"  >Treball en equip<\/h3><\/header><div class='iconbox_content_container  '  itemprop=\"text\"  ><p>i <strong class=\"texto-rojo\">formaci\u00f3 cont\u00ednua<\/strong> per a una millora de la productivitat, efectivitat en la presa de decisions i comunicaci\u00f3 amb els clients.<\/p>\n<\/div><\/div><footer class=\"entry-footer\"><\/footer><\/article><\/div>\n","protected":false},"excerpt":{"rendered":"<p>This is a Page excerpt. It will be displayed for search results<\/p>\n","protected":false},"author":1,"featured_media":0,"parent":0,"menu_order":0,"comment_status":"open","ping_status":"open","template":"","meta":{"_acf_changed":false,"footnotes":""},"class_list":["post-3811","page","type-page","status-publish","hentry"],"acf":[],"_links":{"self":[{"href":"https:\/\/marfingestion.com\/ca\/wp-json\/wp\/v2\/pages\/3811","targetHints":{"allow":["GET"]}}],"collection":[{"href":"https:\/\/marfingestion.com\/ca\/wp-json\/wp\/v2\/pages"}],"about":[{"href":"https:\/\/marfingestion.com\/ca\/wp-json\/wp\/v2\/types\/page"}],"author":[{"embeddable":true,"href":"https:\/\/marfingestion.com\/ca\/wp-json\/wp\/v2\/users\/1"}],"replies":[{"embeddable":true,"href":"https:\/\/marfingestion.com\/ca\/wp-json\/wp\/v2\/comments?post=3811"}],"version-history":[{"count":7,"href":"https:\/\/marfingestion.com\/ca\/wp-json\/wp\/v2\/pages\/3811\/revisions"}],"predecessor-version":[{"id":5738,"href":"https:\/\/marfingestion.com\/ca\/wp-json\/wp\/v2\/pages\/3811\/revisions\/5738"}],"wp:attachment":[{"href":"https:\/\/marfingestion.com\/ca\/wp-json\/wp\/v2\/media?parent=3811"}],"curies":[{"name":"wp","href":"https:\/\/api.w.org\/{rel}","templated":true}]}}